{"id":2763,"date":"2015-02-02T04:19:58","date_gmt":"2015-02-02T04:19:58","guid":{"rendered":"http:\/\/rttheme19-rtthemes-com.rtthemes.com\/?page_id=5"},"modified":"2015-02-02T04:19:58","modified_gmt":"2015-02-02T04:19:58","slug":"blog","status":"publish","type":"page","link":"https:\/\/oflu.vagretrofit.com.tr\/?page_id=2763","title":{"rendered":"Blog"},"content":{"rendered":"<p>[vc_row rt_row_background_width=&#8221;fullwidth&#8221; rt_row_content_width=&#8221;default&#8221; rt_row_style=&#8221;default-style&#8221; rt_row_borders=&#8221;&#8221; rt_overlap=&#8221;true&#8221; rt_grid=&#8221;&#8221; rt_row_paddings=&#8221;true&#8221; rt_bg_effect=&#8221;classic&#8221; rt_bg_parallax_effect=&#8221;1&#8243; rt_bg_image_repeat=&#8221;repeat&#8221; rt_bg_size=&#8221;cover&#8221; rt_bg_position=&#8221;right top&#8221; rt_bg_attachment=&#8221;scroll&#8221;][vc_column width=&#8221;1\/1&#8243;]\n<div id=\"blog-dynamicID-108983\" class=\"blog_list clearfix masonry\" data-column-width=\"2\">\n<div class=\"col col-sm-6 isotope-item\">\n \n\n<!-- blog box-->\n<article class=\"loop post-1 post type-post status-publish format-standard hentry category-uncategorized\" id=\"post-1\">\n\t\t\n\t\n\t\n\n\t<div class=\"date\"><a href=\"https:\/\/oflu.vagretrofit.com.tr\/?p=1\">May\u0131s 14, 2024<\/a><\/div> \n\t<div class=\"text entry-content\">\n\n\t\t<!-- blog headline-->\n\t\t<h2 class=\"entry-title\"><a href=\"https:\/\/oflu.vagretrofit.com.tr\/?p=1\" rel=\"bookmark\">Hello world!<\/a><\/h2> \n\t\t\t\n\n\t\t<p>Welcome to WordPress. This is your first post. Edit or delete it, then start writing!<\/p>\n\n\t\t\t\t<!-- meta data -->\r\n\t\t<div class=\"post_data\">\r\n\r\n\t\t\t\t\t\t<!-- user -->\r\n\t\t\t<span class=\"icon-user user margin-right20\"><a href=\"https:\/\/oflu.vagretrofit.com.tr\/?author=1\" title=\"erdinc taraf\u0131ndan yaz\u0131lan yaz\u0131lar\" rel=\"author\">erdinc<\/a><\/span>\r\n\t\t\t\r\n\t\t\t\t\t\t<!-- categories -->\r\n\t\t\t<span class=\"icon-flow-cascade categories\"><a href=\"https:\/\/oflu.vagretrofit.com.tr\/?cat=1\" rel=\"category\">Uncategorized<\/a><\/span>\r\n\t\t\t\r\n\t\t\t\r\n\t\t\t\t\t\t<!-- comments -->\r\n\t\t\t<span class=\"icon-chat-empty comment_link\"><a href=\"https:\/\/oflu.vagretrofit.com.tr\/?p=1#comments\" title=\"1 Comment\" class=\"comment_link\">1 Comment<\/a><\/span>\r\n\t\t\t\r\n\t\t<\/div><!-- \/ end div  .post_data -->\r\n\t\n\t<\/div> \n\n<\/article> \n<!-- \/ blog box-->\n<\/div>\n<div class=\"col col-sm-6 isotope-item\">\n \n\n<!-- blog box-->\n<article class=\"loop post-2505 post type-post status-publish format-standard has-post-thumbnail hentry category-another-category category-post-types category-standard-posts\" id=\"post-2505\">\n\t\t\n\t\n\t\n\t<figure class=\"featured_image featured_media\">\n\n\t\t\n\t\t\t\t<a id=\"lightbox-192512\" class=\"imgeffect zoom lightbox_ featured_image\" data-group=\"image_2510\" title=\"Enlarge Image\" data-title=\"Standard Post Type\" data-sub-html=\"#lightbox-192512-description\" data-thumbnail=\"https:\/\/oflu.vagretrofit.com.tr\/wp-content\/uploads\/2015\/02\/post-image-3-75x50.jpg\" data-thumbTooltip=\"\" data-scaleUp=\"\" data-href=\"\" data-width=\"\" data-height=\"\" data-flashHasPriority=\"\" data-poster=\"\" data-autoplay=\"\" data-audiotitle=\"\" data-html=\"\" href=\"https:\/\/oflu.vagretrofit.com.tr\/wp-content\/uploads\/2015\/02\/post-image-3.jpg\" ><img decoding=\"async\" src=\"https:\/\/oflu.vagretrofit.com.tr\/wp-content\/uploads\/2015\/02\/post-image-3-640x536.jpg\" alt=\"\" class=\"\" \/><\/a>\r\n\t\t\t<div class=\"lighbox-description hidden\" id=\"lightbox-192512-description\">\r\n\t\t\t\t<strong>Standard Post Type<\/strong><br>\r\n\t\t\t\t\r\n\t\t\t<\/div>\t\t\t\t<span class=\"format-icon icon-pencil\"><\/span>\n\n\t\t\t\n\t<\/figure> \n\t\n\n\t<div class=\"date\"><a href=\"https:\/\/oflu.vagretrofit.com.tr\/?p=2505\">\u015eubat 19, 2015<\/a><\/div> \n\t<div class=\"text entry-content\">\n\n\t\t<!-- blog headline-->\n\t\t<h2 class=\"entry-title\"><a href=\"https:\/\/oflu.vagretrofit.com.tr\/?p=2505\" rel=\"bookmark\">Standard Post Type<\/a><\/h2> \n\t\t\t\n\n\t\t<p>Lorem ipsum dolor sit amet, consectetur adipiscing elit. Proin sed diam sapien. Sed semper urna dictum tellus lacinia vehicula. Ut volutpat, augue vel auctor tincidunt, ligula sem pharetra dui, nec tincidunt ante mauris eu diam. Phasellus viverra nisl vitae cursus euismod. Suspendisse sit amet est lectus.<\/p>\n\n\t\t\t\t<!-- meta data -->\r\n\t\t<div class=\"post_data\">\r\n\r\n\t\t\t\t\t\t<!-- user -->\r\n\t\t\t<span class=\"icon-user user margin-right20\"><a href=\"https:\/\/oflu.vagretrofit.com.tr\/?author=1\" title=\"erdinc taraf\u0131ndan yaz\u0131lan yaz\u0131lar\" rel=\"author\">erdinc<\/a><\/span>\r\n\t\t\t\r\n\t\t\t\t\t\t<!-- categories -->\r\n\t\t\t<span class=\"icon-flow-cascade categories\"><a href=\"https:\/\/oflu.vagretrofit.com.tr\/?cat=6\" rel=\"category\">Another Category<\/a>, <a href=\"https:\/\/oflu.vagretrofit.com.tr\/?cat=7\" rel=\"category\">Post Types<\/a>, <a href=\"https:\/\/oflu.vagretrofit.com.tr\/?cat=8\" rel=\"category\">Standard Posts<\/a><\/span>\r\n\t\t\t\r\n\t\t\t\r\n\t\t\t\t\t\t<!-- comments -->\r\n\t\t\t<span class=\"icon-chat-empty comment_link\"><a href=\"https:\/\/oflu.vagretrofit.com.tr\/?p=2505#comments\" title=\"8 Comments\" class=\"comment_link\">8 Comments<\/a><\/span>\r\n\t\t\t\r\n\t\t<\/div><!-- \/ end div  .post_data -->\r\n\t\n\t<\/div> \n\n<\/article> \n<!-- \/ blog box-->\n<\/div>\n<div class=\"col col-sm-6 isotope-item\">\n \n\n<!-- blog box-->\n<article class=\"loop post-2502 post type-post status-publish format-audio has-post-thumbnail hentry category-post-types post_format-post-format-audio\" id=\"post-2502\">\n\t\t\n\t\n\t\n\t\t<div class=\"featured_audio featured_media\">\n\n\t\t\r\n\t\t\t\t<div id=\"audio-2502\" class=\"rt-hosted-media mejs-wrapper mejs-orange\">\r\n\t\t\t\t\t<audio controls=\"controls\" preload=\"none\">\r\n\t\t\t\t\t\t<source src=\"http:\/\/rttheme19-rtthemes-com.rtthemes.com\/wp-content\/uploads\/sites\/5\/2015\/02\/Lets_do_it_this_way_Preview.mp3\" type=\"audio\/mp3\" title=\"mp4\">\r\n\t\t\t\t\t\t<source src=\"http:\/\/rttheme19-rtthemes-com.rtthemes.com\/wp-content\/uploads\/sites\/5\/2015\/02\/Lets_do_it_this_way_Preview.ogg\" type=\"audio\/ogg\" title=\"ogg\">\r\n\t\t\t\t\t<\/audio>\r\n\t\t\t\t<\/div><!-- close .responsive-wrapper -->\r\n\t\t\t\t<\/div> \t\t\n\t\n\t<div class=\"date\"><a href=\"https:\/\/oflu.vagretrofit.com.tr\/?p=2502\">\u015eubat 19, 2015<\/a><\/div> \n\t<div class=\"text entry-content\">\n\n\t\t<!-- blog headline-->\n\t\t<h2 class=\"entry-title\"><a href=\"https:\/\/oflu.vagretrofit.com.tr\/?p=2502\" rel=\"bookmark\">Audio Post<\/a><\/h2> \n\t\t\t\n\t\t<p>Lorem ipsum dolor sit amet, consectetur adipiscing elit. Proin sed diam sapien. Sed semper urna dictum tellus lacinia vehicula. Ut volutpat, augue vel auctor tincidunt, ligula sem pharetra dui, nec tincidunt ante mauris eu diam. Phasellus viverra nisl vitae cursus euismod. Suspendisse sit amet est lectus.<\/p>\n\n\t\t\t\t<!-- meta data -->\r\n\t\t<div class=\"post_data\">\r\n\r\n\t\t\t\t\t\t<!-- user -->\r\n\t\t\t<span class=\"icon-user user margin-right20\"><a href=\"https:\/\/oflu.vagretrofit.com.tr\/?author=1\" title=\"erdinc taraf\u0131ndan yaz\u0131lan yaz\u0131lar\" rel=\"author\">erdinc<\/a><\/span>\r\n\t\t\t\r\n\t\t\t\t\t\t<!-- categories -->\r\n\t\t\t<span class=\"icon-flow-cascade categories\"><a href=\"https:\/\/oflu.vagretrofit.com.tr\/?cat=7\" rel=\"category\">Post Types<\/a><\/span>\r\n\t\t\t\r\n\t\t\t\r\n\t\t\t\t\t\t<!-- comments -->\r\n\t\t\t<span class=\"icon-chat-empty comment_link\"><a href=\"https:\/\/oflu.vagretrofit.com.tr\/?p=2502#respond\" title=\"0 Comment\" class=\"comment_link\">0 Comment<\/a><\/span>\r\n\t\t\t\r\n\t\t<\/div><!-- \/ end div  .post_data -->\r\n\t\n\t<\/div> \n\n<\/article> \n<!-- \/ blog box--><\/div>\n<div class=\"col col-sm-6 isotope-item\">\n \n\n<!-- blog box-->\n<article class=\"loop post-2500 post type-post status-publish format-video has-post-thumbnail hentry category-post-types post_format-post-format-video\" id=\"post-2500\">\n\t\n\t\n\t<figure class=\"featured_image featured_media\">\n\t\t\n\t\t\t<a id=\"featured-image-2500\" class=\"imgeffect video lightbox_ featured_image\" data-group=\"image_28\" title=\"Video Post\" data-title=\"\" data-sub-html=\"\" data-thumbnail=\"https:\/\/oflu.vagretrofit.com.tr\/wp-content\/uploads\/2015\/02\/product-7-75x50.jpg\" data-thumbTooltip=\"\" data-scaleUp=\"\" data-href=\"\" data-width=\"\" data-height=\"\" data-flashHasPriority=\"\" data-poster=\"\" data-autoplay=\"\" data-audiotitle=\"\" data-html=\"\" href=\"https:\/\/www.youtube.com\/watch?v=y-waTi8BPdk\" ><img decoding=\"async\" src=\"https:\/\/oflu.vagretrofit.com.tr\/wp-content\/uploads\/2015\/02\/product-7-640x384.jpg\" alt=\"\" class=\"\" \/><\/a>\t\t\t<span class=\"format-icon icon-videocam\"><\/span>\n\t\t\t\t\n\t<\/figure> \n\t\n\t\n\n\t<div class=\"date\"><a href=\"https:\/\/oflu.vagretrofit.com.tr\/?p=2500\">\u015eubat 19, 2015<\/a><\/div> \n\t<div class=\"text entry-content\">\n\n\t\t<!-- blog headline-->\n\t\t<h2 class=\"entry-title\"><a href=\"https:\/\/oflu.vagretrofit.com.tr\/?p=2500\" rel=\"bookmark\">Video Post<\/a><\/h2> \n\t\t\t\n\n\t\t<p>Lorem ipsum dolor sit amet, consectetur adipiscing elit. Proin sed diam sapien. Sed semper urna dictum tellus lacinia vehicula. Ut volutpat, augue vel auctor tincidunt, ligula sem pharetra dui, nec tincidunt ante mauris eu diam. Phasellus viverra nisl vitae cursus euismod. Suspendisse sit amet est lectus.<\/p>\n\n\t\t\t\t<!-- meta data -->\r\n\t\t<div class=\"post_data\">\r\n\r\n\t\t\t\t\t\t<!-- user -->\r\n\t\t\t<span class=\"icon-user user margin-right20\"><a href=\"https:\/\/oflu.vagretrofit.com.tr\/?author=1\" title=\"erdinc taraf\u0131ndan yaz\u0131lan yaz\u0131lar\" rel=\"author\">erdinc<\/a><\/span>\r\n\t\t\t\r\n\t\t\t\t\t\t<!-- categories -->\r\n\t\t\t<span class=\"icon-flow-cascade categories\"><a href=\"https:\/\/oflu.vagretrofit.com.tr\/?cat=7\" rel=\"category\">Post Types<\/a><\/span>\r\n\t\t\t\r\n\t\t\t\r\n\t\t\t\t\t\t<!-- comments -->\r\n\t\t\t<span class=\"icon-chat-empty comment_link\"><a href=\"https:\/\/oflu.vagretrofit.com.tr\/?p=2500#respond\" title=\"0 Comment\" class=\"comment_link\">0 Comment<\/a><\/span>\r\n\t\t\t\r\n\t\t<\/div><!-- \/ end div  .post_data -->\r\n\t\t<\/div> \n\n<\/article> \n<!-- \/ blog box--><\/div>\n<div class=\"col col-sm-6 isotope-item\">\n \n\n<!-- blog box-->\n<article class=\"loop post-2498 post type-post status-publish format-video has-post-thumbnail hentry category-post-types post_format-post-format-video\" id=\"post-2498\">\n\t\n\t\n\t<figure class=\"featured_image featured_media\">\n\t\t\n\t\t\t\n\t\t\t\t\t\t<div style=\"display:none;\" id=\"featured-image-2498\">\n\t\t\t\t\t\t\t<video class=\"lg-video-object lg-html5\" controls preload=\"none\" poster=\"https:\/\/oflu.vagretrofit.com.tr\/wp-content\/uploads\/2015\/02\/product-7.jpg\">\n\t\t\t\t\t\t\t\t<source src=\"http:\/\/rttheme19-rtthemes-com.rtthemes.com\/wp-content\/uploads\/sites\/5\/2015\/02\/Big_Buck_Bunny_Trailer.mp4\" type=\"video\/mp4\" title=\"mp4\">\n\t\t\t\t\t\t\t\t<source src=\"http:\/\/rttheme19-rtthemes-com.rtthemes.com\/wp-content\/uploads\/sites\/5\/2015\/02\/Big_Buck_Bunny_Trailer.webm\" type=\"video\/webm\" title=\"webm\">\n\t\t\t\t\t\t\t<\/video>\n\t\t\t\t\t\t<\/div>\n\t\t\t\t\t<a id=\"featured-image-2498\" class=\"imgeffect video lightbox_ featured_image\" data-group=\"image_28\" title=\"Self-Hosted Video Post\" data-title=\"\" data-sub-html=\"\" data-thumbnail=\"https:\/\/oflu.vagretrofit.com.tr\/wp-content\/uploads\/2015\/02\/product-7-75x50.jpg\" data-thumbTooltip=\"\" data-scaleUp=\"\" data-href=\"\" data-width=\"\" data-height=\"\" data-flashHasPriority=\"\" data-poster=\"\" data-autoplay=\"\" data-audiotitle=\"\" data-html=\"#featured-image-2498\" href=\"\" ><img decoding=\"async\" src=\"https:\/\/oflu.vagretrofit.com.tr\/wp-content\/uploads\/2015\/02\/product-7-640x384.jpg\" alt=\"\" class=\"\" \/><\/a>\t\t\t<span class=\"format-icon icon-videocam\"><\/span>\n\t\t\t\t\n\t<\/figure> \n\t\n\t\n\n\t<div class=\"date\"><a href=\"https:\/\/oflu.vagretrofit.com.tr\/?p=2498\">\u015eubat 19, 2015<\/a><\/div> \n\t<div class=\"text entry-content\">\n\n\t\t<!-- blog headline-->\n\t\t<h2 class=\"entry-title\"><a href=\"https:\/\/oflu.vagretrofit.com.tr\/?p=2498\" rel=\"bookmark\">Self-Hosted Video Post<\/a><\/h2> \n\t\t\t\n\n\t\t<p>Lorem ipsum dolor sit amet, consectetur adipiscing elit. Proin sed diam sapien. Sed semper urna dictum tellus lacinia vehicula. Ut volutpat, augue vel auctor tincidunt, ligula sem pharetra dui, nec tincidunt ante mauris eu diam. Phasellus viverra nisl vitae cursus euismod. Suspendisse sit amet est lectus.<\/p>\n\n\t\t\t\t<!-- meta data -->\r\n\t\t<div class=\"post_data\">\r\n\r\n\t\t\t\t\t\t<!-- user -->\r\n\t\t\t<span class=\"icon-user user margin-right20\"><a href=\"https:\/\/oflu.vagretrofit.com.tr\/?author=1\" title=\"erdinc taraf\u0131ndan yaz\u0131lan yaz\u0131lar\" rel=\"author\">erdinc<\/a><\/span>\r\n\t\t\t\r\n\t\t\t\t\t\t<!-- categories -->\r\n\t\t\t<span class=\"icon-flow-cascade categories\"><a href=\"https:\/\/oflu.vagretrofit.com.tr\/?cat=7\" rel=\"category\">Post Types<\/a><\/span>\r\n\t\t\t\r\n\t\t\t\r\n\t\t\t\t\t\t<!-- comments -->\r\n\t\t\t<span class=\"icon-chat-empty comment_link\"><a href=\"https:\/\/oflu.vagretrofit.com.tr\/?p=2498#respond\" title=\"0 Comment\" class=\"comment_link\">0 Comment<\/a><\/span>\r\n\t\t\t\r\n\t\t<\/div><!-- \/ end div  .post_data -->\r\n\t\t<\/div> \n\n<\/article> \n<!-- \/ blog box--><\/div>\n<div class=\"col col-sm-6 isotope-item\">\n \n\n<!-- blog box-->\n<article class=\"loop post-2496 post type-post status-publish format-gallery has-post-thumbnail hentry category-another-category category-post-types post_format-post-format-gallery\" id=\"post-2496\">\n\t\t\n\t\n\t\n\t\t\t\t<figure class=\"slideshow featured_media\">\n\t\t\t\t\r\n\t\t\t\t<div id=\"slider-post-single-gallery-2496\" class=\"rt-carousel rt-image-carousel carousel-holder clearfix post-carousel\" data-item-width=\"1\" data-nav=\"true\" data-dots=\"false\" data-margin=\"15\" data-autoplay=\"false\" data-timeout=\"5000\" data-loop=\"false\" data-tablet-item-width=\"\" data-mobile-item-width=\"1\">\r\n\t\t\t\t\t<div class=\"owl-carousel\">\r\n\t\t\t\t\t\t<div><a id=\"lightbox-785293\" class=\"imgeffect zoom lightbox_\" data-group=\"slider-post-carousel-2496\" title=\"Enlarge Image\" data-title=\"Chair with cushion in a room with staircase\" data-sub-html=\"#lightbox-785293-description\" data-thumbnail=\"https:\/\/oflu.vagretrofit.com.tr\/wp-content\/uploads\/2015\/02\/product-3-75x50.jpg\" data-thumbTooltip=\"\" data-scaleUp=\"\" data-href=\"\" data-width=\"\" data-height=\"\" data-flashHasPriority=\"\" data-poster=\"\" data-autoplay=\"\" data-audiotitle=\"\" data-html=\"\" href=\"https:\/\/oflu.vagretrofit.com.tr\/wp-content\/uploads\/2015\/02\/product-3.jpg\" ><img decoding=\"async\" src=\"https:\/\/oflu.vagretrofit.com.tr\/wp-content\/uploads\/2015\/02\/product-3-1000x600.jpg\" alt=\"\" itemprop=\"image\"><\/a>\r\n\t\t\t<div class=\"lighbox-description hidden\" id=\"lightbox-785293-description\">\r\n\t\t\t\t<strong>Chair with cushion in a room with staircase<\/strong><br>\r\n\t\t\t\t\r\n\t\t\t<\/div><\/div><div><a id=\"lightbox-867363\" class=\"imgeffect zoom lightbox_\" data-group=\"slider-post-carousel-2496\" title=\"Enlarge Image\" data-title=\"Lamp shade\" data-sub-html=\"#lightbox-867363-description\" data-thumbnail=\"https:\/\/oflu.vagretrofit.com.tr\/wp-content\/uploads\/2015\/02\/product-5-75x50.jpg\" data-thumbTooltip=\"\" data-scaleUp=\"\" data-href=\"\" data-width=\"\" data-height=\"\" data-flashHasPriority=\"\" data-poster=\"\" data-autoplay=\"\" data-audiotitle=\"\" data-html=\"\" href=\"https:\/\/oflu.vagretrofit.com.tr\/wp-content\/uploads\/2015\/02\/product-5.jpg\" ><img decoding=\"async\" src=\"https:\/\/oflu.vagretrofit.com.tr\/wp-content\/uploads\/2015\/02\/product-5-1000x600.jpg\" alt=\"\" itemprop=\"image\"><\/a>\r\n\t\t\t<div class=\"lighbox-description hidden\" id=\"lightbox-867363-description\">\r\n\t\t\t\t<strong>Lamp shade<\/strong><br>\r\n\t\t\t\t\r\n\t\t\t<\/div><\/div><div><a id=\"lightbox-904798\" class=\"imgeffect zoom lightbox_\" data-group=\"slider-post-carousel-2496\" title=\"Enlarge Image\" data-title=\"portfolio-1\" data-sub-html=\"#lightbox-904798-description\" data-thumbnail=\"https:\/\/oflu.vagretrofit.com.tr\/wp-content\/uploads\/2015\/02\/portfolio-1-75x50.jpg\" data-thumbTooltip=\"\" data-scaleUp=\"\" data-href=\"\" data-width=\"\" data-height=\"\" data-flashHasPriority=\"\" data-poster=\"\" data-autoplay=\"\" data-audiotitle=\"\" data-html=\"\" href=\"https:\/\/oflu.vagretrofit.com.tr\/wp-content\/uploads\/2015\/02\/portfolio-1.jpg\" ><img decoding=\"async\" src=\"https:\/\/oflu.vagretrofit.com.tr\/wp-content\/uploads\/2015\/02\/portfolio-1-750x600.jpg\" alt=\"\" itemprop=\"image\"><\/a>\r\n\t\t\t<div class=\"lighbox-description hidden\" id=\"lightbox-904798-description\">\r\n\t\t\t\t<strong>portfolio-1<\/strong><br>\r\n\t\t\t\t\r\n\t\t\t<\/div><\/div>\r\n\t\t\t\t\t<\/div>\r\n\t\t\t\t\t\r\n\t\t\t\t<\/div>\r\n\t\t\t\t\t\t\t<span class=\"format-icon icon-picture\"><\/span>\n\t\t\t<\/figure> \n\n\t\t \n\n\n\t<div class=\"date\"><a href=\"https:\/\/oflu.vagretrofit.com.tr\/?p=2496\">\u015eubat 19, 2015<\/a><\/div> \n\t<div class=\"text entry-content\">\n\n\t\t<!-- blog headline-->\n\t\t<h2 class=\"entry-title\"><a href=\"https:\/\/oflu.vagretrofit.com.tr\/?p=2496\" rel=\"bookmark\">Post With Image Slideshow<\/a><\/h2> \t\t\t\n\n\t\t<p>Lorem ipsum dolor sit amet, consectetur adipiscing elit. Proin sed diam sapien. Sed semper urna dictum tellus lacinia vehicula. Ut volutpat, augue vel auctor tincidunt, ligula sem pharetra dui, nec tincidunt ante mauris eu diam. Phasellus viverra nisl vitae cursus euismod. Suspendisse sit amet est lectus.<\/p>\n\n\t\t\t\t<!-- meta data -->\r\n\t\t<div class=\"post_data\">\r\n\r\n\t\t\t\t\t\t<!-- user -->\r\n\t\t\t<span class=\"icon-user user margin-right20\"><a href=\"https:\/\/oflu.vagretrofit.com.tr\/?author=1\" title=\"erdinc taraf\u0131ndan yaz\u0131lan yaz\u0131lar\" rel=\"author\">erdinc<\/a><\/span>\r\n\t\t\t\r\n\t\t\t\t\t\t<!-- categories -->\r\n\t\t\t<span class=\"icon-flow-cascade categories\"><a href=\"https:\/\/oflu.vagretrofit.com.tr\/?cat=6\" rel=\"category\">Another Category<\/a>, <a href=\"https:\/\/oflu.vagretrofit.com.tr\/?cat=7\" rel=\"category\">Post Types<\/a><\/span>\r\n\t\t\t\r\n\t\t\t\r\n\t\t\t\t\t\t<!-- comments -->\r\n\t\t\t<span class=\"icon-chat-empty comment_link\"><a href=\"https:\/\/oflu.vagretrofit.com.tr\/?p=2496#respond\" title=\"0 Comment\" class=\"comment_link\">0 Comment<\/a><\/span>\r\n\t\t\t\r\n\t\t<\/div><!-- \/ end div  .post_data -->\r\n\t\n\t<\/div> \n\n<\/article> \n<!-- \/ blog box--><\/div>\n<\/div>\n<button href=\"#\" class=\"load_more button_ medium default aligncenter\" autocomplete=\"off\" data-atts=\"YToyNTp7czoyOiJpZCI7czoyMToiYmxvZy1keW5hbWljSUQtMTA4OTgzIjtzOjc6ImFyY2hpdmUiO3M6NToiZmFsc2UiO3M6MTE6Imxpc3RfbGF5b3V0IjtzOjM6IjEvMiI7czoxMjoibGF5b3V0X3N0eWxlIjtzOjc6Im1hc29ucnkiO3M6MTE6InNob3dfYXV0aG9yIjtzOjQ6InRydWUiO3M6MTU6InNob3dfY2F0ZWdvcmllcyI7czo0OiJ0cnVlIjtzOjIwOiJzaG93X2NvbW1lbnRfbnVtYmVycyI7czo0OiJ0cnVlIjtzOjk6InNob3dfZGF0ZSI7czo0OiJ0cnVlIjtzOjIxOiJmZWF0dXJlZF9pbWFnZV9yZXNpemUiO3M6NDoidHJ1ZSI7czoyNDoiZmVhdHVyZWRfaW1hZ2VfbWF4X3dpZHRoIjtzOjE6IjAiO3M6MjU6ImZlYXR1cmVkX2ltYWdlX21heF9oZWlnaHQiO3M6MToiMCI7czoxOToiZmVhdHVyZWRfaW1hZ2VfY3JvcCI7czo1OiJmYWxzZSI7czoxMDoicGFnaW5hdGlvbiI7czo0OiJ0cnVlIjtzOjE1OiJhamF4X3BhZ2luYXRpb24iO3M6NDoidHJ1ZSI7czoxMjoidXNlX2V4Y2VycHRzIjtzOjQ6InRydWUiO3M6MTI6Imxpc3Rfb3JkZXJieSI7czo0OiJkYXRlIjtzOjEwOiJsaXN0X29yZGVyIjtzOjQ6IkRFU0MiO3M6MTM6Iml0ZW1fcGVyX3BhZ2UiO3M6MToiNiI7czoxMDoiY2F0ZWdvcmllcyI7czowOiIiO3M6NDoiYWpheCI7czo1OiJmYWxzZSI7czo1OiJwYWdlZCI7aTowO3M6OToid3BtbF9sYW5nIjtzOjA6IiI7czoyMDoiaGlkZV9mZWF0dXJlZF9pbWFnZXMiO3M6MDoiIjtzOjU6ImNsYXNzIjtzOjA6IiI7czo3OiJwdXJwb3NlIjtzOjQ6ImJsb2ciO30=\" data-page_count=\"3\" data-current_page=\"1\" data-listid=\"blog-dynamicID-108983\"><span class=\"icon-angle-double-down\"><\/span>LOAD MORE<\/button>[\/vc_column][\/vc_row]<\/p>\n","protected":false},"excerpt":{"rendered":"<p>[vc_row rt_row_background_width=&#8221;fullwidth&#8221; rt_row_content_width=&#8221;default&#8221; rt_row_style=&#8221;default-style&#8221; rt_row_borders=&#8221;&#8221; rt_overlap=&#8221;true&#8221; rt_grid=&#8221;&#8221; rt_row_paddings=&#8221;true&#8221; rt_bg_effect=&#8221;classic&#8221; rt_bg_parallax_effect=&#8221;1&#8243; rt_bg_image_repeat=&#8221;repeat&#8221; rt_bg_size=&#8221;cover&#8221; rt_bg_position=&#8221;right top&#8221; rt_bg_attachment=&#8221;scroll&#8221;][vc_column width=&#8221;1\/1&#8243;][\/vc_column][\/vc_row]<\/p>\n","protected":false},"author":1,"featured_media":0,"parent":0,"menu_order":0,"comment_status":"open","ping_status":"closed","template":"","meta":{"footnotes":""},"class_list":["post-2763","page","type-page","status-publish","hentry"],"_links":{"self":[{"href":"https:\/\/oflu.vagretrofit.com.tr\/index.php?rest_route=\/wp\/v2\/pages\/2763","targetHints":{"allow":["GET"]}}],"collection":[{"href":"https:\/\/oflu.vagretrofit.com.tr\/index.php?rest_route=\/wp\/v2\/pages"}],"about":[{"href":"https:\/\/oflu.vagretrofit.com.tr\/index.php?rest_route=\/wp\/v2\/types\/page"}],"author":[{"embeddable":true,"href":"https:\/\/oflu.vagretrofit.com.tr\/index.php?rest_route=\/wp\/v2\/users\/1"}],"replies":[{"embeddable":true,"href":"https:\/\/oflu.vagretrofit.com.tr\/index.php?rest_route=%2Fwp%2Fv2%2Fcomments&post=2763"}],"version-history":[{"count":0,"href":"https:\/\/oflu.vagretrofit.com.tr\/index.php?rest_route=\/wp\/v2\/pages\/2763\/revisions"}],"wp:attachment":[{"href":"https:\/\/oflu.vagretrofit.com.tr\/index.php?rest_route=%2Fwp%2Fv2%2Fmedia&parent=2763"}],"curies":[{"name":"wp","href":"https:\/\/api.w.org\/{rel}","templated":true}]}}